{"id":18254,"date":"2020-09-23T08:26:30","date_gmt":"2020-09-23T08:26:30","guid":{"rendered":"http:\/\/adhernandez.imas3pro.com\/?page_id=18254"},"modified":"2021-03-04T10:36:02","modified_gmt":"2021-03-04T10:36:02","slug":"immobles-venda","status":"publish","type":"page","link":"https:\/\/adhernandez.com\/ca\/immobles-venda\/","title":{"rendered":"Immobles Venda"},"content":{"rendered":"\t\t<div data-elementor-type=\"wp-page\" data-elementor-id=\"18254\" class=\"elementor elementor-18254 elementor-15949\">\n\t\t\t\t\t\t<section class=\"elementor-section elementor-top-section elementor-element elementor-element-c9214f4 elementor-section-boxed elementor-section-height-default elementor-section-height-default\" data-id=\"c9214f4\" data-element_type=\"section\" data-e-type=\"section\">\n\t\t\t\t\t\t<div class=\"elementor-container elementor-column-gap-default\">\n\t\t\t\t\t<div class=\"elementor-column elementor-col-100 elementor-top-column elementor-element elementor-element-03fb07a\" data-id=\"03fb07a\" data-element_type=\"column\" data-e-type=\"column\">\n\t\t\t<div class=\"elementor-widget-wrap elementor-element-populated\">\n\t\t\t\t\t\t<div class=\"elementor-element elementor-element-842eee9 elementor-widget elementor-widget-houzez_elementor_page_title\" data-id=\"842eee9\" data-element_type=\"widget\" data-e-type=\"widget\" data-widget_type=\"houzez_elementor_page_title.default\">\n\t\t\t\t<div class=\"elementor-widget-container\">\n\t\t\t\t\t\n<div class=\"breadcrumb-wrap\">\n\t<nav>\n\t\t<ol class=\"breadcrumb\"><li class=\"breadcrumb-item\"><a href=\"https:\/\/adhernandez.com\/ca\/\/\"><span>Home<\/span><\/a><\/li><li class=\"breadcrumb-item active\">P\u00e0gines<\/li><\/ol>\t<\/nav>\n<\/div><!-- breadcrumb-wrap --> \n        <div class=\"d-flex align-items-center\">\n            <div class=\"page-title flex-grow-1\">\n\t<h1>Immobles Venda<\/h1>\n<\/div><!-- page-title -->\n \n        <\/div><!-- d-flex -->  \n\n        \t\t\t\t<\/div>\n\t\t\t\t<\/div>\n\t\t\t\t\t<\/div>\n\t\t<\/div>\n\t\t\t\t\t<\/div>\n\t\t<\/section>\n\t\t\t\t<section class=\"elementor-section elementor-top-section elementor-element elementor-element-fd320fa elementor-section-boxed elementor-section-height-default elementor-section-height-default\" data-id=\"fd320fa\" data-element_type=\"section\" data-e-type=\"section\">\n\t\t\t\t\t\t<div class=\"elementor-container elementor-column-gap-default\">\n\t\t\t\t\t<div class=\"elementor-column elementor-col-100 elementor-top-column elementor-element elementor-element-ca96c87\" data-id=\"ca96c87\" data-element_type=\"column\" data-e-type=\"column\">\n\t\t\t<div class=\"elementor-widget-wrap elementor-element-populated\">\n\t\t\t\t\t\t<div class=\"elementor-element elementor-element-8f89b97 elementor-widget elementor-widget-houzez_elementor_advanced_search\" data-id=\"8f89b97\" data-element_type=\"widget\" data-e-type=\"widget\" data-widget_type=\"houzez_elementor_advanced_search.default\">\n\t\t\t\t<div class=\"elementor-widget-container\">\n\t\t\t\t\t        <div class=\"advanced-search-module\">\n                        <div class=\"advanced-search-module-title\">\n                <i class=\"houzez-icon icon-search mr-2\"><\/i>  Cerca            <\/div>\n                        <form class=\"houzez-search-form-js\" method=\"get\" autocomplete=\"off\" action=\"https:\/\/adhernandez.com\/ca\/cerca-resultats\/\">\n                <div class=\"advanced-search-v1\">\n                    <div class=\"row\">\n    \n                        <div class=\"col-md-2 col-6\"><div class=\"form-group\">\n\t<select name=\"type[]\" data-size=\"5\" class=\"selectpicker  form-control bs-select-hidden\" title=\"Tipus\" data-live-search=\"true\" data-selected-text-format=\"count > 1\" data-actions-box=\"true\"  multiple data-select-all-text=\"Selecciona-ho tot\" data-deselect-all-text=\"Deseleccionar tot\" data-count-selected-text=\"{0} Tipus seleccionats\" data-none-results-text=\"No results matched {0}\" data-container=\"body\">\n\n\t\t<option data-ref=\"atics\"   value=\"atics\">\u00c0tics<\/option><option data-ref=\"local-comercial\"   value=\"local-comercial\">Local comercial<\/option><option data-ref=\"oficines\"   value=\"oficines\">Oficines<\/option><option data-ref=\"parquing\"   value=\"parquing\">P\u00e0rquing<\/option><option data-ref=\"pisos-ca\"   value=\"pisos-ca\">Pisos<\/option><option data-ref=\"pisos-ca-2\"   value=\"pisos-ca-2\">Pisos<\/option>\t<\/select><!-- selectpicker -->\n<\/div><!-- form-group --><\/div><div class=\"col-md-2 col-6\"><div class=\"form-group\">\n\t<select name=\"status[]\" data-size=\"5\" class=\"selectpicker status-js  form-control bs-select-hidden\" title=\"Estat\" data-live-search=\"false\" data-selected-text-format=\"count > 1\" data-actions-box=\"true\" multiple data-select-all-text=\"Selecciona-ho tot\" data-deselect-all-text=\"Deseleccionar tot\" data-none-results-text=\"No results matched {0}\" data-count-selected-text=\"{0} Estat seleccionat\" data-container=\"body\">\n\t\t<option data-ref=\"a-reformar-ca\"   value=\"a-reformar-ca\">A reformar<\/option><option data-ref=\"bon-estat\"   value=\"bon-estat\">Bon estat<\/option><option data-ref=\"buen-estado-ca\"   value=\"buen-estado-ca\">Buen estado<\/option><option data-ref=\"en-venda\"   value=\"en-venda\" selected=\"selected\">En venda<\/option><option data-ref=\"lloguer\"   value=\"lloguer\">Lloguer<\/option><option data-ref=\"obra-nova\"   value=\"obra-nova\">Obra nova<\/option>\t<\/select><!-- selectpicker -->\n<\/div><!-- form-group --><\/div><div class=\"col-md-2 col-6\"><div class=\"form-group\">\n\t<select name=\"bedrooms\" data-size=\"5\" class=\"selectpicker  form-control bs-select-hidden\" title=\"Dormitoris\" data-live-search=\"false\">\n\t\t<option value=\"\">Dormitoris<\/option>\n        <option value=\"1\">1<\/option><option value=\"2\">2<\/option><option value=\"3\">3<\/option><option value=\"4\">4<\/option><option value=\"5\">5<\/option><option value=\"6\">6<\/option><option value=\"7\">7<\/option><option value=\"8\">8<\/option><option value=\"9\">9<\/option><option value=\"10\">10<\/option><option value=\"any\">Algun<\/option>\t<\/select><!-- selectpicker -->\n<\/div><\/div><div class=\"col-md-2 col-6\"><div class=\"form-group\">\n\t<select name=\"bathrooms\" data-size=\"5\" class=\"selectpicker  form-control bs-select-hidden\" title=\"Banys\" data-live-search=\"false\">\n\t\t<option value=\"\">Banys<\/option>\n        <option value=\"1\">1<\/option><option value=\"2\">2<\/option><option value=\"3\">3<\/option><option value=\"4\">4<\/option><option value=\"5\">5<\/option><option value=\"6\">6<\/option><option value=\"7\">7<\/option><option value=\"8\">8<\/option><option value=\"9\">9<\/option><option value=\"10\">10<\/option><option value=\"any\">Algun<\/option>\t<\/select><!-- selectpicker -->\n<\/div><\/div><div class=\"col-md-2 col-6\"><div class=\"form-group\">\n\t<select name=\"areas[]\" data-size=\"5\" class=\"houzezSelectFilter houzezFourthList selectpicker  form-control bs-select-hidden\" title=\"Totes les \u00e0rees\" data-selected-text-format=\"count > 1\" data-live-search=\"true\" data-actions-box=\"false\" multiple data-select-all-text=\"Selecciona-ho tot\" data-deselect-all-text=\"Deseleccionar tot\" data-none-results-text=\"No results matched {0}\" data-count-selected-text=\"{0} \u00c0rees seleccionades\">\n\t\t\n\t<\/select><!-- selectpicker -->\n<\/div><!-- form-group --><\/div>                        \n                        <div class=\"col-md-2 col-6 d-none d-sm-block\">\n                            <button type=\"submit\" class=\"btn btn-search btn-secondary btn-full-width \">Cercar<\/button>                        <\/div>\n                        <div class=\"col-12 d-block d-sm-none mb-3\">\n                            <button type=\"submit\" class=\"btn btn-search btn-secondary btn-full-width \">Cercar<\/button>                        <\/div>\n                    <\/div>\n                <\/div><!-- advanced-search-v1 -->\n\n                \n                                <div class=\"row\">\n                    <div class=\"col-md-12 col-sm-12\">\n                        <div class=\"features-list-wrap\">\n\t<a class=\"btn-features-list\" data-toggle=\"collapse\" href=\"#features-list\">\n\t\t<i class=\"houzez-icon icon-add-square\"><\/i> Altres caracter\u00edstiques\t<\/a><!-- btn-features-list -->\n\t<div id=\"features-list\" class=\"collapse\">\n\t\t<div class=\"features-list\">\n\t\t\t<label class=\"control control--checkbox\"><input class=\"\" name=\"feature[]\" type=\"checkbox\"  value=\"aire-condicionado-ca\">Aire condicionado<span class=\"control__indicator\"><\/span><\/label><label class=\"control control--checkbox\"><input class=\"\" name=\"feature[]\" type=\"checkbox\"  value=\"aire-condicionat\">Aire condicionat<span class=\"control__indicator\"><\/span><\/label><label class=\"control control--checkbox\"><input class=\"\" name=\"feature[]\" type=\"checkbox\"  value=\"balco\">Balc\u00f3<span class=\"control__indicator\"><\/span><\/label><label class=\"control control--checkbox\"><input class=\"\" name=\"feature[]\" type=\"checkbox\"  value=\"balcon-ca\">Balc\u00f3n<span class=\"control__indicator\"><\/span><\/label><label class=\"control control--checkbox\"><input class=\"\" name=\"feature[]\" type=\"checkbox\"  value=\"calefaccio\">Calefacci\u00f3<span class=\"control__indicator\"><\/span><\/label><label class=\"control control--checkbox\"><input class=\"\" name=\"feature[]\" type=\"checkbox\"  value=\"calefaccion-ca\">Calefacci\u00f3n<span class=\"control__indicator\"><\/span><\/label><label class=\"control control--checkbox\"><input class=\"\" name=\"feature[]\" type=\"checkbox\"  value=\"electrodomestics\">Electrodom\u00e8stics<span class=\"control__indicator\"><\/span><\/label><label class=\"control control--checkbox\"><input class=\"\" name=\"feature[]\" type=\"checkbox\"  value=\"jardi\">Jard\u00ed<span class=\"control__indicator\"><\/span><\/label><label class=\"control control--checkbox\"><input class=\"\" name=\"feature[]\" type=\"checkbox\"  value=\"terrassa\">Terrassa<span class=\"control__indicator\"><\/span><\/label>\t\t<\/div><!-- features-list -->\n\t<\/div><!-- collapse -->\n<\/div><!-- features-list-wrap -->                    <\/div>\n                <\/div>\n                            <\/form>\n        <\/div><!-- advanced-search-module -->\n        \t\t\t\t<\/div>\n\t\t\t\t<\/div>\n\t\t\t\t<div class=\"elementor-element elementor-element-72725a6 elementor-widget elementor-widget-houzez_elementor_space\" data-id=\"72725a6\" data-element_type=\"widget\" data-e-type=\"widget\" data-widget_type=\"houzez_elementor_space.default\">\n\t\t\t\t<div class=\"elementor-widget-container\">\n\t\t\t\t\t        <div class=\"houzez-spacer\">\n            <div class=\"houzez-spacer-inner\"><\/div>\n        <\/div>\n        \t\t\t\t<\/div>\n\t\t\t\t<\/div>\n\t\t\t\t\t<\/div>\n\t\t<\/div>\n\t\t\t\t\t<\/div>\n\t\t<\/section>\n\t\t\t\t<section class=\"elementor-section elementor-top-section elementor-element elementor-element-657de97 elementor-section-boxed elementor-section-height-default elementor-section-height-default\" data-id=\"657de97\" data-element_type=\"section\" data-e-type=\"section\">\n\t\t\t\t\t\t<div class=\"elementor-container elementor-column-gap-default\">\n\t\t\t\t\t<div class=\"elementor-column elementor-col-100 elementor-top-column elementor-element elementor-element-bd9e8c5\" data-id=\"bd9e8c5\" data-element_type=\"column\" data-e-type=\"column\">\n\t\t\t<div class=\"elementor-widget-wrap elementor-element-populated\">\n\t\t\t\t\t\t<div class=\"elementor-element elementor-element-d7e7c21 elementor-widget elementor-widget-houzez_elementor_property-card-v6\" data-id=\"d7e7c21\" data-element_type=\"widget\" data-e-type=\"widget\" data-widget_type=\"houzez_elementor_property-card-v6.default\">\n\t\t\t\t<div class=\"elementor-widget-container\">\n\t\t\t\t\t\t\t\r\n\t\t<div id=\"properties_module_section\" class=\"property-cards-module property-cards-module-v1 property-cards-module-3-cols\">\r\n\t\t\t<div id=\"module_properties\" class=\"listing-view grid-view card-deck grid-view-3-cols\">\r\n\t\t\t\t<div class=\"col-lg-12\">\n\t<p class=\"mt-30 text-center\">\n\t\tNo listing found.\t<\/p>\n<\/div>\r\n\t\t\t<\/div><!-- listing-view -->\r\n\r\n\t\t\t\t\t\t\t<div id=\"fave-pagination-loadmore\" class=\"load-more-wrap fave-load-more\">\r\n                    <a class=\"btn btn-primary-outlined btn-load-more\"  \r\n                    data-paged=\"2\" \r\n                    data-prop-limit=\"6\" \r\n                    data-card=\"item-v6\" \r\n                    data-type=\"\" \r\n                    data-status=\"en-venda\" \r\n                    data-state=\"\" \r\n                    data-city=\"\" \r\n                    data-country=\"\" \r\n                    data-area=\"\" \r\n                    data-label=\"\" \r\n                    data-user-role=\"\" \r\n                    data-featured-prop=\"\" \r\n                    data-offset=\"\"\r\n                    data-sortby=\"\"\r\n                    href=\"#\">\r\n                    \t<span class=\"btn-loader houzez-loader-js\"><\/span>                    \tVeure m\u00e9s\t\t\r\n                    <\/a>               \r\n\t\t\t\t<\/div><!-- load-more-wrap -->\r\n\t\t\t\t\t<\/div><!-- property-grid-module -->\r\n\r\n\t\t\t\t\t\t<\/div>\n\t\t\t\t<\/div>\n\t\t\t\t\t<\/div>\n\t\t<\/div>\n\t\t\t\t\t<\/div>\n\t\t<\/section>\n\t\t\t\t<\/div>\n\t\t","protected":false},"excerpt":{"rendered":"<p>Home P\u00e1ginas Immobles Venda Cerca<\/p>\n","protected":false},"author":6,"featured_media":0,"parent":0,"menu_order":0,"comment_status":"closed","ping_status":"closed","template":"elementor_header_footer","meta":{"footnotes":""},"class_list":["post-18254","page","type-page","status-publish","hentry"],"yoast_head":"<!-- This site is optimized with the Yoast SEO plugin v27.4 - https:\/\/yoast.com\/product\/yoast-seo-wordpress\/ -->\n<title>Lloguer habitatges Barcelona - Administraciones Hern\u00e1ndez<\/title>\n<meta name=\"description\" content=\"Busques un habitatge? En Ad. Hern\u00e1ndez comptem amb pisos amb una bona ubicaci\u00f3 a Barcelona a molt bon preu. Contacta amb nosaltres!\" \/>\n<meta name=\"robots\" content=\"index, follow, max-snippet:-1, max-image-preview:large, max-video-preview:-1\" \/>\n<link rel=\"canonical\" href=\"https:\/\/adhernandez.com\/ca\/immobles-venda\/\" \/>\n<meta property=\"og:locale\" content=\"ca_ES\" \/>\n<meta property=\"og:type\" content=\"article\" \/>\n<meta property=\"og:title\" content=\"Lloguer habitatges Barcelona - Administraciones Hern\u00e1ndez\" \/>\n<meta property=\"og:description\" content=\"Busques un habitatge? En Ad. Hern\u00e1ndez comptem amb pisos amb una bona ubicaci\u00f3 a Barcelona a molt bon preu. Contacta amb nosaltres!\" \/>\n<meta property=\"og:url\" content=\"https:\/\/adhernandez.com\/ca\/immobles-venda\/\" \/>\n<meta property=\"og:site_name\" content=\"Administraciones Hern\u00e1ndez\" \/>\n<meta property=\"article:modified_time\" content=\"2021-03-04T10:36:02+00:00\" \/>\n<meta property=\"og:image\" content=\"https:\/\/adhernandez.com\/wp-content\/uploads\/2020\/10\/Piso-Urgell-224-584x438.jpg\" \/>\n<meta name=\"twitter:card\" content=\"summary_large_image\" \/>\n<meta name=\"twitter:label1\" content=\"Temps estimat de lectura\" \/>\n\t<meta name=\"twitter:data1\" content=\"2 minuts\" \/>\n<script type=\"application\/ld+json\" class=\"yoast-schema-graph\">{\"@context\":\"https:\\\/\\\/schema.org\",\"@graph\":[{\"@type\":\"WebPage\",\"@id\":\"https:\\\/\\\/adhernandez.com\\\/ca\\\/immobles-venda\\\/\",\"url\":\"https:\\\/\\\/adhernandez.com\\\/ca\\\/immobles-venda\\\/\",\"name\":\"Lloguer habitatges Barcelona - Administraciones Hern\u00e1ndez\",\"isPartOf\":{\"@id\":\"https:\\\/\\\/adhernandez.com\\\/ca\\\/#website\"},\"primaryImageOfPage\":{\"@id\":\"https:\\\/\\\/adhernandez.com\\\/ca\\\/immobles-venda\\\/#primaryimage\"},\"image\":{\"@id\":\"https:\\\/\\\/adhernandez.com\\\/ca\\\/immobles-venda\\\/#primaryimage\"},\"thumbnailUrl\":\"https:\\\/\\\/adhernandez.com\\\/wp-content\\\/uploads\\\/2020\\\/10\\\/Piso-Urgell-224-584x438.jpg\",\"datePublished\":\"2020-09-23T08:26:30+00:00\",\"dateModified\":\"2021-03-04T10:36:02+00:00\",\"description\":\"Busques un habitatge? En Ad. Hern\u00e1ndez comptem amb pisos amb una bona ubicaci\u00f3 a Barcelona a molt bon preu. Contacta amb nosaltres!\",\"breadcrumb\":{\"@id\":\"https:\\\/\\\/adhernandez.com\\\/ca\\\/immobles-venda\\\/#breadcrumb\"},\"inLanguage\":\"ca\",\"potentialAction\":[{\"@type\":\"ReadAction\",\"target\":[\"https:\\\/\\\/adhernandez.com\\\/ca\\\/immobles-venda\\\/\"]}]},{\"@type\":\"ImageObject\",\"inLanguage\":\"ca\",\"@id\":\"https:\\\/\\\/adhernandez.com\\\/ca\\\/immobles-venda\\\/#primaryimage\",\"url\":\"https:\\\/\\\/adhernandez.com\\\/wp-content\\\/uploads\\\/2020\\\/10\\\/Piso-Urgell-224-584x438.jpg\",\"contentUrl\":\"https:\\\/\\\/adhernandez.com\\\/wp-content\\\/uploads\\\/2020\\\/10\\\/Piso-Urgell-224-584x438.jpg\"},{\"@type\":\"BreadcrumbList\",\"@id\":\"https:\\\/\\\/adhernandez.com\\\/ca\\\/immobles-venda\\\/#breadcrumb\",\"itemListElement\":[{\"@type\":\"ListItem\",\"position\":1,\"name\":\"Portada\",\"item\":\"https:\\\/\\\/adhernandez.com\\\/ca\\\/adhernandez-inicio\\\/\"},{\"@type\":\"ListItem\",\"position\":2,\"name\":\"Immobles Venda\"}]},{\"@type\":\"WebSite\",\"@id\":\"https:\\\/\\\/adhernandez.com\\\/ca\\\/#website\",\"url\":\"https:\\\/\\\/adhernandez.com\\\/ca\\\/\",\"name\":\"Administraciones Hern\u00e1ndez\",\"description\":\"Equipo de profesionales con amplia experiencia en la gesti\u00f3n del patrimonio inmobiliario\",\"potentialAction\":[{\"@type\":\"SearchAction\",\"target\":{\"@type\":\"EntryPoint\",\"urlTemplate\":\"https:\\\/\\\/adhernandez.com\\\/ca\\\/?s={search_term_string}\"},\"query-input\":{\"@type\":\"PropertyValueSpecification\",\"valueRequired\":true,\"valueName\":\"search_term_string\"}}],\"inLanguage\":\"ca\"}]}<\/script>\n<!-- \/ Yoast SEO plugin. -->","yoast_head_json":{"title":"Lloguer habitatges Barcelona - Administraciones Hern\u00e1ndez","description":"Busques un habitatge? En Ad. Hern\u00e1ndez comptem amb pisos amb una bona ubicaci\u00f3 a Barcelona a molt bon preu. Contacta amb nosaltres!","robots":{"index":"index","follow":"follow","max-snippet":"max-snippet:-1","max-image-preview":"max-image-preview:large","max-video-preview":"max-video-preview:-1"},"canonical":"https:\/\/adhernandez.com\/ca\/immobles-venda\/","og_locale":"ca_ES","og_type":"article","og_title":"Lloguer habitatges Barcelona - Administraciones Hern\u00e1ndez","og_description":"Busques un habitatge? En Ad. Hern\u00e1ndez comptem amb pisos amb una bona ubicaci\u00f3 a Barcelona a molt bon preu. Contacta amb nosaltres!","og_url":"https:\/\/adhernandez.com\/ca\/immobles-venda\/","og_site_name":"Administraciones Hern\u00e1ndez","article_modified_time":"2021-03-04T10:36:02+00:00","og_image":[{"url":"https:\/\/adhernandez.com\/wp-content\/uploads\/2020\/10\/Piso-Urgell-224-584x438.jpg","type":"","width":"","height":""}],"twitter_card":"summary_large_image","twitter_misc":{"Temps estimat de lectura":"2 minuts"},"schema":{"@context":"https:\/\/schema.org","@graph":[{"@type":"WebPage","@id":"https:\/\/adhernandez.com\/ca\/immobles-venda\/","url":"https:\/\/adhernandez.com\/ca\/immobles-venda\/","name":"Lloguer habitatges Barcelona - Administraciones Hern\u00e1ndez","isPartOf":{"@id":"https:\/\/adhernandez.com\/ca\/#website"},"primaryImageOfPage":{"@id":"https:\/\/adhernandez.com\/ca\/immobles-venda\/#primaryimage"},"image":{"@id":"https:\/\/adhernandez.com\/ca\/immobles-venda\/#primaryimage"},"thumbnailUrl":"https:\/\/adhernandez.com\/wp-content\/uploads\/2020\/10\/Piso-Urgell-224-584x438.jpg","datePublished":"2020-09-23T08:26:30+00:00","dateModified":"2021-03-04T10:36:02+00:00","description":"Busques un habitatge? En Ad. Hern\u00e1ndez comptem amb pisos amb una bona ubicaci\u00f3 a Barcelona a molt bon preu. Contacta amb nosaltres!","breadcrumb":{"@id":"https:\/\/adhernandez.com\/ca\/immobles-venda\/#breadcrumb"},"inLanguage":"ca","potentialAction":[{"@type":"ReadAction","target":["https:\/\/adhernandez.com\/ca\/immobles-venda\/"]}]},{"@type":"ImageObject","inLanguage":"ca","@id":"https:\/\/adhernandez.com\/ca\/immobles-venda\/#primaryimage","url":"https:\/\/adhernandez.com\/wp-content\/uploads\/2020\/10\/Piso-Urgell-224-584x438.jpg","contentUrl":"https:\/\/adhernandez.com\/wp-content\/uploads\/2020\/10\/Piso-Urgell-224-584x438.jpg"},{"@type":"BreadcrumbList","@id":"https:\/\/adhernandez.com\/ca\/immobles-venda\/#breadcrumb","itemListElement":[{"@type":"ListItem","position":1,"name":"Portada","item":"https:\/\/adhernandez.com\/ca\/adhernandez-inicio\/"},{"@type":"ListItem","position":2,"name":"Immobles Venda"}]},{"@type":"WebSite","@id":"https:\/\/adhernandez.com\/ca\/#website","url":"https:\/\/adhernandez.com\/ca\/","name":"Administraciones Hern\u00e1ndez","description":"Equipo de profesionales con amplia experiencia en la gesti\u00f3n del patrimonio inmobiliario","potentialAction":[{"@type":"SearchAction","target":{"@type":"EntryPoint","urlTemplate":"https:\/\/adhernandez.com\/ca\/?s={search_term_string}"},"query-input":{"@type":"PropertyValueSpecification","valueRequired":true,"valueName":"search_term_string"}}],"inLanguage":"ca"}]}},"_links":{"self":[{"href":"https:\/\/adhernandez.com\/ca\/wp-json\/wp\/v2\/pages\/18254","targetHints":{"allow":["GET"]}}],"collection":[{"href":"https:\/\/adhernandez.com\/ca\/wp-json\/wp\/v2\/pages"}],"about":[{"href":"https:\/\/adhernandez.com\/ca\/wp-json\/wp\/v2\/types\/page"}],"author":[{"embeddable":true,"href":"https:\/\/adhernandez.com\/ca\/wp-json\/wp\/v2\/users\/6"}],"replies":[{"embeddable":true,"href":"https:\/\/adhernandez.com\/ca\/wp-json\/wp\/v2\/comments?post=18254"}],"version-history":[{"count":0,"href":"https:\/\/adhernandez.com\/ca\/wp-json\/wp\/v2\/pages\/18254\/revisions"}],"wp:attachment":[{"href":"https:\/\/adhernandez.com\/ca\/wp-json\/wp\/v2\/media?parent=18254"}],"curies":[{"name":"wp","href":"https:\/\/api.w.org\/{rel}","templated":true}]}}